{"id":18,"date":"2025-02-26T13:33:33","date_gmt":"2025-02-26T12:33:33","guid":{"rendered":"https:\/\/mobilia5.4vlab.org\/?page_id=18"},"modified":"2025-03-17T08:41:57","modified_gmt":"2025-03-17T07:41:57","slug":"muebles-para-oficina","status":"publish","type":"page","link":"https:\/\/mobilia5.4vlab.org\/?page_id=18","title":{"rendered":"Exteriores"},"content":{"rendered":"\t\t<div data-elementor-type=\"wp-page\" data-elementor-id=\"18\" class=\"elementor elementor-18\">\n\t\t\t\t\t\t<section class=\"elementor-section elementor-top-section elementor-element elementor-element-211fc873 elementor-section-height-min-height elementor-section-boxed elementor-section-height-default elementor-section-items-middle elementor-invisible\" data-id=\"211fc873\" data-element_type=\"section\" data-settings=\"{&quot;background_background&quot;:&quot;classic&quot;,&quot;shape_divider_bottom&quot;:&quot;tilt&quot;,&quot;animation&quot;:&quot;fadeIn&quot;}\">\n\t\t\t\t\t\t\t<div class=\"elementor-background-overlay\"><\/div>\n\t\t\t\t\t\t<div class=\"elementor-shape elementor-shape-bottom\" data-negative=\"false\">\n\t\t\t<svg xmlns=\"http:\/\/www.w3.org\/2000\/svg\" viewBox=\"0 0 1000 100\" preserveAspectRatio=\"none\">\n\t<path class=\"elementor-shape-fill\" d=\"M0,6V0h1000v100L0,6z\"\/>\n<\/svg>\t\t<\/div>\n\t\t\t\t\t<div class=\"elementor-container elementor-column-gap-default\">\n\t\t\t\t\t<div class=\"elementor-column elementor-col-100 elementor-top-column elementor-element elementor-element-60e6a406\" data-id=\"60e6a406\" data-element_type=\"column\">\n\t\t\t<div class=\"elementor-widget-wrap elementor-element-populated\">\n\t\t\t\t\t\t\t<\/div>\n\t\t<\/div>\n\t\t\t\t\t<\/div>\n\t\t<\/section>\n\t\t\t\t<section class=\"elementor-section elementor-top-section elementor-element elementor-element-76dc8e9e elementor-reverse-mobile elementor-section-boxed elementor-section-height-default elementor-section-height-default\" data-id=\"76dc8e9e\" data-element_type=\"section\" data-settings=\"{&quot;background_background&quot;:&quot;classic&quot;,&quot;shape_divider_bottom&quot;:&quot;tilt&quot;}\">\n\t\t\t\t\t<div class=\"elementor-shape elementor-shape-bottom\" data-negative=\"false\">\n\t\t\t<svg xmlns=\"http:\/\/www.w3.org\/2000\/svg\" viewBox=\"0 0 1000 100\" preserveAspectRatio=\"none\">\n\t<path class=\"elementor-shape-fill\" d=\"M0,6V0h1000v100L0,6z\"\/>\n<\/svg>\t\t<\/div>\n\t\t\t\t\t<div class=\"elementor-container elementor-column-gap-default\">\n\t\t\t\t\t<div class=\"elementor-column elementor-col-100 elementor-top-column elementor-element elementor-element-2f43f01 elementor-invisible\" data-id=\"2f43f01\" data-element_type=\"column\" data-settings=\"{&quot;animation&quot;:&quot;fadeInLeft&quot;,&quot;animation_delay&quot;:100}\">\n\t\t\t<div class=\"elementor-widget-wrap elementor-element-populated\">\n\t\t\t\t\t\t<div class=\"elementor-element elementor-element-77c3b770 elementor-widget elementor-widget-heading\" data-id=\"77c3b770\" data-element_type=\"widget\" data-widget_type=\"heading.default\">\n\t\t\t\t<div class=\"elementor-widget-container\">\n\t\t\t\t\t<h1 class=\"elementor-heading-title elementor-size-default\">Nuestra colecci\u00f3n<\/h1>\t\t\t\t<\/div>\n\t\t\t\t<\/div>\n\t\t\t\t<div class=\"elementor-element elementor-element-153542d8 elementor-widget-divider--view-line elementor-widget elementor-widget-divider\" data-id=\"153542d8\" data-element_type=\"widget\" data-widget_type=\"divider.default\">\n\t\t\t\t<div class=\"elementor-widget-container\">\n\t\t\t\t\t\t\t<div class=\"elementor-divider\">\n\t\t\t<span class=\"elementor-divider-separator\">\n\t\t\t\t\t\t<\/span>\n\t\t<\/div>\n\t\t\t\t\t\t<\/div>\n\t\t\t\t<\/div>\n\t\t\t\t<section class=\"elementor-section elementor-inner-section elementor-element elementor-element-9e07381 elementor-section-boxed elementor-section-height-default elementor-section-height-default\" data-id=\"9e07381\" data-element_type=\"section\">\n\t\t\t\t\t\t<div class=\"elementor-container elementor-column-gap-extended\">\n\t\t\t\t\t<div class=\"elementor-column elementor-col-33 elementor-inner-column elementor-element elementor-element-6912d316 elementor-invisible\" data-id=\"6912d316\" data-element_type=\"column\" data-settings=\"{&quot;animation&quot;:&quot;fadeInLeft&quot;,&quot;animation_delay&quot;:100}\">\n\t\t\t<div class=\"elementor-widget-wrap elementor-element-populated\">\n\t\t\t\t\t\t<div class=\"elementor-element elementor-element-248a11fd elementor-widget elementor-widget-image\" data-id=\"248a11fd\" data-element_type=\"widget\" data-widget_type=\"image.default\">\n\t\t\t\t<div class=\"elementor-widget-container\">\n\t\t\t\t\t\t\t\t\t\t\t\t\t\t\t\t<a href=\"#\">\n\t\t\t\t\t\t\t<img fetchpriority=\"high\" decoding=\"async\" width=\"1024\" height=\"1024\" src=\"https:\/\/mobilia5.4vlab.org\/wp-content\/uploads\/2025\/03\/Muebles-de-Jardin-con-Energia-Solar-\u2013-Equipados-con-paneles-solares-para-carga-de-dispositivos-y-luces-LED-integradas-con-deteccion-de-movimiento-1.jpg\" class=\"attachment-large size-large wp-image-361\" alt=\"\" srcset=\"https:\/\/mobilia5.4vlab.org\/wp-content\/uploads\/2025\/03\/Muebles-de-Jardin-con-Energia-Solar-\u2013-Equipados-con-paneles-solares-para-carga-de-dispositivos-y-luces-LED-integradas-con-deteccion-de-movimiento-1.jpg 1024w, https:\/\/mobilia5.4vlab.org\/wp-content\/uploads\/2025\/03\/Muebles-de-Jardin-con-Energia-Solar-\u2013-Equipados-con-paneles-solares-para-carga-de-dispositivos-y-luces-LED-integradas-con-deteccion-de-movimiento-1-300x300.jpg 300w, https:\/\/mobilia5.4vlab.org\/wp-content\/uploads\/2025\/03\/Muebles-de-Jardin-con-Energia-Solar-\u2013-Equipados-con-paneles-solares-para-carga-de-dispositivos-y-luces-LED-integradas-con-deteccion-de-movimiento-1-150x150.jpg 150w, https:\/\/mobilia5.4vlab.org\/wp-content\/uploads\/2025\/03\/Muebles-de-Jardin-con-Energia-Solar-\u2013-Equipados-con-paneles-solares-para-carga-de-dispositivos-y-luces-LED-integradas-con-deteccion-de-movimiento-1-768x768.jpg 768w, https:\/\/mobilia5.4vlab.org\/wp-content\/uploads\/2025\/03\/Muebles-de-Jardin-con-Energia-Solar-\u2013-Equipados-con-paneles-solares-para-carga-de-dispositivos-y-luces-LED-integradas-con-deteccion-de-movimiento-1-600x600.jpg 600w, https:\/\/mobilia5.4vlab.org\/wp-content\/uploads\/2025\/03\/Muebles-de-Jardin-con-Energia-Solar-\u2013-Equipados-con-paneles-solares-para-carga-de-dispositivos-y-luces-LED-integradas-con-deteccion-de-movimiento-1-100x100.jpg 100w\" sizes=\"(max-width: 1024px) 100vw, 1024px\" \/>\t\t\t\t\t\t\t\t<\/a>\n\t\t\t\t\t\t\t\t\t\t\t\t\t\t\t<\/div>\n\t\t\t\t<\/div>\n\t\t\t\t<div class=\"elementor-element elementor-element-13554e43 elementor-widget__width-initial elementor-widget elementor-widget-heading\" data-id=\"13554e43\" data-element_type=\"widget\" data-widget_type=\"heading.default\">\n\t\t\t\t<div class=\"elementor-widget-container\">\n\t\t\t\t\t<h1 class=\"elementor-heading-title elementor-size-default\"><a href=\"#\">Solar lounge \n<\/a><\/h1>\t\t\t\t<\/div>\n\t\t\t\t<\/div>\n\t\t\t\t<div class=\"elementor-element elementor-element-1d7f41cb elementor-widget elementor-widget-text-editor\" data-id=\"1d7f41cb\" data-element_type=\"widget\" data-widget_type=\"text-editor.default\">\n\t\t\t\t<div class=\"elementor-widget-container\">\n\t\t\t\t\t\t\t\t\t<p data-start=\"0\" data-end=\"59\"><strong>\u00a1Dale un toque moderno y ecol\u00f3gico a tu jard\u00edn! \ud83c\udf3f<\/strong><\/p><p data-start=\"61\" data-end=\"197\"><strong>Con estos muebles de jard\u00edn con paneles solares,<\/strong> disfruta de la combinaci\u00f3n perfecta entre comodidad, tecnolog\u00eda y sostenibilidad.<\/p><p data-start=\"61\" data-end=\"197\">Energ\u00eda solar al alcance de tu mano: Carga tus dispositivos electr\u00f3nicos gracias a los puertos USB integrados, sin preocuparte por enchufes o cables largos. Iluminaci\u00f3n LED con detecci\u00f3n de movimiento: M\u00e1s seguridad y eficiencia energ\u00e9tica. Las luces se encienden autom\u00e1ticamente al detectar presencia, iluminando tu espacio solo cuando lo necesitas. Dise\u00f1o elegante y funcional: Ideal para jardines, terrazas o patios. Combina la belleza del mobiliario moderno con la innovaci\u00f3n de la energ\u00eda renovable. Haz que tu jard\u00edn sea m\u00e1s inteligente, sostenible y acogedor con esta soluci\u00f3n innovadora. \u00a1Convierte cada momento al aire libre en una experiencia \u00fanica!<\/p>\t\t\t\t\t\t\t\t<\/div>\n\t\t\t\t<\/div>\n\t\t\t\t<div class=\"elementor-element elementor-element-ee613b4 elementor-align-center elementor-widget elementor-widget-button\" data-id=\"ee613b4\" data-element_type=\"widget\" data-widget_type=\"button.default\">\n\t\t\t\t<div class=\"elementor-widget-container\">\n\t\t\t\t\t\t\t\t\t<div class=\"elementor-button-wrapper\">\n\t\t\t\t\t<a class=\"elementor-button elementor-button-link elementor-size-sm\" href=\"https:\/\/mobilia5.4vlab.org\/?product=solarlounge\">\n\t\t\t\t\t\t<span class=\"elementor-button-content-wrapper\">\n\t\t\t\t\t\t\t\t\t<span class=\"elementor-button-text\">Comprar ahora<\/span>\n\t\t\t\t\t<\/span>\n\t\t\t\t\t<\/a>\n\t\t\t\t<\/div>\n\t\t\t\t\t\t\t\t<\/div>\n\t\t\t\t<\/div>\n\t\t\t\t\t<\/div>\n\t\t<\/div>\n\t\t\t\t<div class=\"elementor-column elementor-col-33 elementor-inner-column elementor-element elementor-element-4f0e1362 elementor-invisible\" data-id=\"4f0e1362\" data-element_type=\"column\" data-settings=\"{&quot;animation&quot;:&quot;fadeInUp&quot;,&quot;animation_delay&quot;:200}\">\n\t\t\t<div class=\"elementor-widget-wrap elementor-element-populated\">\n\t\t\t\t\t\t<div class=\"elementor-element elementor-element-e7bee6a elementor-widget elementor-widget-image\" data-id=\"e7bee6a\" data-element_type=\"widget\" data-widget_type=\"image.default\">\n\t\t\t\t<div class=\"elementor-widget-container\">\n\t\t\t\t\t\t\t\t\t\t\t\t\t\t\t\t<a href=\"#\">\n\t\t\t\t\t\t\t<img decoding=\"async\" width=\"1024\" height=\"1024\" src=\"https:\/\/mobilia5.4vlab.org\/wp-content\/uploads\/2025\/03\/Sombrillas-y-Toldos-Automatizados-con-sensores-de-intensidad-del-sol-y-viento-2-1.jpg\" class=\"attachment-large size-large wp-image-366\" alt=\"\" srcset=\"https:\/\/mobilia5.4vlab.org\/wp-content\/uploads\/2025\/03\/Sombrillas-y-Toldos-Automatizados-con-sensores-de-intensidad-del-sol-y-viento-2-1.jpg 1024w, https:\/\/mobilia5.4vlab.org\/wp-content\/uploads\/2025\/03\/Sombrillas-y-Toldos-Automatizados-con-sensores-de-intensidad-del-sol-y-viento-2-1-300x300.jpg 300w, https:\/\/mobilia5.4vlab.org\/wp-content\/uploads\/2025\/03\/Sombrillas-y-Toldos-Automatizados-con-sensores-de-intensidad-del-sol-y-viento-2-1-150x150.jpg 150w, https:\/\/mobilia5.4vlab.org\/wp-content\/uploads\/2025\/03\/Sombrillas-y-Toldos-Automatizados-con-sensores-de-intensidad-del-sol-y-viento-2-1-768x768.jpg 768w, https:\/\/mobilia5.4vlab.org\/wp-content\/uploads\/2025\/03\/Sombrillas-y-Toldos-Automatizados-con-sensores-de-intensidad-del-sol-y-viento-2-1-600x600.jpg 600w, https:\/\/mobilia5.4vlab.org\/wp-content\/uploads\/2025\/03\/Sombrillas-y-Toldos-Automatizados-con-sensores-de-intensidad-del-sol-y-viento-2-1-100x100.jpg 100w\" sizes=\"(max-width: 1024px) 100vw, 1024px\" \/>\t\t\t\t\t\t\t\t<\/a>\n\t\t\t\t\t\t\t\t\t\t\t\t\t\t\t<\/div>\n\t\t\t\t<\/div>\n\t\t\t\t<div class=\"elementor-element elementor-element-1d383117 elementor-widget elementor-widget-heading\" data-id=\"1d383117\" data-element_type=\"widget\" data-widget_type=\"heading.default\">\n\t\t\t\t<div class=\"elementor-widget-container\">\n\t\t\t\t\t<h1 class=\"elementor-heading-title elementor-size-default\"><a href=\"#\">AUTOSHADE<\/a><\/h1>\t\t\t\t<\/div>\n\t\t\t\t<\/div>\n\t\t\t\t<div class=\"elementor-element elementor-element-5b03651b elementor-widget elementor-widget-text-editor\" data-id=\"5b03651b\" data-element_type=\"widget\" data-widget_type=\"text-editor.default\">\n\t\t\t\t<div class=\"elementor-widget-container\">\n\t\t\t\t\t\t\t\t\t<p data-start=\"85\" data-end=\"362\">Controla el sol y el viento con total comodidad gracias a nuestras <strong data-start=\"152\" data-end=\"189\">sombrillas y toldos automatizados<\/strong>. Equipados con <strong data-start=\"205\" data-end=\"230\">sensores inteligentes<\/strong>, ajustan autom\u00e1ticamente su posici\u00f3n seg\u00fan la intensidad solar y las r\u00e1fagas de viento, garantizando siempre la mejor protecci\u00f3n.<\/p><p data-start=\"364\" data-end=\"503\">Manejo sencillo con control remoto: Ajusta la posici\u00f3n de las sombrillas y toldos con solo un toque, personalizando la sombra a tu gusto.<\/p><p data-start=\"505\" data-end=\"645\">Sensores de luz y viento inteligentes: Detectan autom\u00e1ticamente las condiciones clim\u00e1ticas para ofrecerte la m\u00e1xima comodidad y seguridad.<\/p><p data-start=\"647\" data-end=\"788\">Dise\u00f1o moderno y elegante: Perfectos para terrazas, jardines o cualquier espacio al aire libre, aportando un toque sofisticado y funcional.<\/p><p>\u00a0<\/p><p data-start=\"790\" data-end=\"979\" data-is-last-node=\"\" data-is-only-node=\"\">Haz de tu espacio exterior un lugar m\u00e1s c\u00f3modo e inteligente con esta soluci\u00f3n automatizada que combina innovaci\u00f3n, confort y estilo. \u00a1Olv\u00eddate de los ajustes manuales y rel\u00e1jate al m\u00e1ximo!<\/p>\t\t\t\t\t\t\t\t<\/div>\n\t\t\t\t<\/div>\n\t\t\t\t<div class=\"elementor-element elementor-element-3899f29 elementor-align-center elementor-widget elementor-widget-button\" data-id=\"3899f29\" data-element_type=\"widget\" data-widget_type=\"button.default\">\n\t\t\t\t<div class=\"elementor-widget-container\">\n\t\t\t\t\t\t\t\t\t<div class=\"elementor-button-wrapper\">\n\t\t\t\t\t<a class=\"elementor-button elementor-button-link elementor-size-sm\" href=\"https:\/\/mobilia5.4vlab.org\/?product=autoshade\">\n\t\t\t\t\t\t<span class=\"elementor-button-content-wrapper\">\n\t\t\t\t\t\t\t\t\t<span class=\"elementor-button-text\">comprar ahora<\/span>\n\t\t\t\t\t<\/span>\n\t\t\t\t\t<\/a>\n\t\t\t\t<\/div>\n\t\t\t\t\t\t\t\t<\/div>\n\t\t\t\t<\/div>\n\t\t\t\t\t<\/div>\n\t\t<\/div>\n\t\t\t\t<div class=\"elementor-column elementor-col-33 elementor-inner-column elementor-element elementor-element-675b1820 elementor-invisible\" data-id=\"675b1820\" data-element_type=\"column\" data-settings=\"{&quot;animation&quot;:&quot;fadeInRight&quot;,&quot;animation_delay&quot;:300}\">\n\t\t\t<div class=\"elementor-widget-wrap elementor-element-populated\">\n\t\t\t\t\t\t<div class=\"elementor-element elementor-element-709a9f68 elementor-widget elementor-widget-image\" data-id=\"709a9f68\" data-element_type=\"widget\" data-widget_type=\"image.default\">\n\t\t\t\t<div class=\"elementor-widget-container\">\n\t\t\t\t\t\t\t\t\t\t\t\t\t\t\t\t<a href=\"#\">\n\t\t\t\t\t\t\t<img decoding=\"async\" width=\"1024\" height=\"1024\" src=\"https:\/\/mobilia5.4vlab.org\/wp-content\/uploads\/2025\/03\/Sillas-y-Mesas-de-Exterior-con-Realidad-Aumentada-\u2013-Superficies-con-pantallas-AR-para-juegos-entretenimiento-y-control-de-dispositivos-domesticos.jpg\" class=\"attachment-large size-large wp-image-353\" alt=\"\" srcset=\"https:\/\/mobilia5.4vlab.org\/wp-content\/uploads\/2025\/03\/Sillas-y-Mesas-de-Exterior-con-Realidad-Aumentada-\u2013-Superficies-con-pantallas-AR-para-juegos-entretenimiento-y-control-de-dispositivos-domesticos.jpg 1024w, https:\/\/mobilia5.4vlab.org\/wp-content\/uploads\/2025\/03\/Sillas-y-Mesas-de-Exterior-con-Realidad-Aumentada-\u2013-Superficies-con-pantallas-AR-para-juegos-entretenimiento-y-control-de-dispositivos-domesticos-300x300.jpg 300w, https:\/\/mobilia5.4vlab.org\/wp-content\/uploads\/2025\/03\/Sillas-y-Mesas-de-Exterior-con-Realidad-Aumentada-\u2013-Superficies-con-pantallas-AR-para-juegos-entretenimiento-y-control-de-dispositivos-domesticos-150x150.jpg 150w, https:\/\/mobilia5.4vlab.org\/wp-content\/uploads\/2025\/03\/Sillas-y-Mesas-de-Exterior-con-Realidad-Aumentada-\u2013-Superficies-con-pantallas-AR-para-juegos-entretenimiento-y-control-de-dispositivos-domesticos-768x768.jpg 768w, https:\/\/mobilia5.4vlab.org\/wp-content\/uploads\/2025\/03\/Sillas-y-Mesas-de-Exterior-con-Realidad-Aumentada-\u2013-Superficies-con-pantallas-AR-para-juegos-entretenimiento-y-control-de-dispositivos-domesticos-600x600.jpg 600w, https:\/\/mobilia5.4vlab.org\/wp-content\/uploads\/2025\/03\/Sillas-y-Mesas-de-Exterior-con-Realidad-Aumentada-\u2013-Superficies-con-pantallas-AR-para-juegos-entretenimiento-y-control-de-dispositivos-domesticos-100x100.jpg 100w\" sizes=\"(max-width: 1024px) 100vw, 1024px\" \/>\t\t\t\t\t\t\t\t<\/a>\n\t\t\t\t\t\t\t\t\t\t\t\t\t\t\t<\/div>\n\t\t\t\t<\/div>\n\t\t\t\t<div class=\"elementor-element elementor-element-243bf69d elementor-widget elementor-widget-heading\" data-id=\"243bf69d\" data-element_type=\"widget\" data-widget_type=\"heading.default\">\n\t\t\t\t<div class=\"elementor-widget-container\">\n\t\t\t\t\t<h1 class=\"elementor-heading-title elementor-size-default\"><a href=\"#\">Holooutdor<\/a><\/h1>\t\t\t\t<\/div>\n\t\t\t\t<\/div>\n\t\t\t\t<div class=\"elementor-element elementor-element-4e0888c9 elementor-widget elementor-widget-text-editor\" data-id=\"4e0888c9\" data-element_type=\"widget\" data-widget_type=\"text-editor.default\">\n\t\t\t\t<div class=\"elementor-widget-container\">\n\t\t\t\t\t\t\t\t\t<p data-start=\"0\" data-end=\"113\">\ud83c\udfae\u2728 <strong data-start=\"4\" data-end=\"111\">Mesas y sillas con realidad aumentada para juegos, entretenimiento y control de dispositivos dom\u00e9sticos<\/strong><\/p><p data-start=\"115\" data-end=\"281\">Disfruta de una experiencia futurista con nuestras <strong data-start=\"166\" data-end=\"207\">mesas y sillas con realidad aumentada<\/strong>, dise\u00f1adas para llevar el entretenimiento y la tecnolog\u00eda a otro nivel.<\/p><p data-start=\"283\" data-end=\"459\">Controla f\u00e1cilmente tus <strong data-start=\"307\" data-end=\"336\">dispositivos inteligentes<\/strong> del hogar, accede a <strong data-start=\"357\" data-end=\"380\">juegos interactivos<\/strong> y vive una experiencia envolvente desde la comodidad de tu jard\u00edn o terraza.<\/p><p>\u00a0<\/p><p data-start=\"461\" data-end=\"632\" data-is-last-node=\"\" data-is-only-node=\"\">Innovaci\u00f3n, estilo y funcionalidad se unen para transformar tu espacio en un entorno inteligente y divertido. \u00a1Haz que cada momento sea \u00fanico con esta tecnolog\u00eda avanzada!<\/p>\t\t\t\t\t\t\t\t<\/div>\n\t\t\t\t<\/div>\n\t\t\t\t<div class=\"elementor-element elementor-element-b1b8249 elementor-align-center elementor-widget elementor-widget-button\" data-id=\"b1b8249\" data-element_type=\"widget\" data-widget_type=\"button.default\">\n\t\t\t\t<div class=\"elementor-widget-container\">\n\t\t\t\t\t\t\t\t\t<div class=\"elementor-button-wrapper\">\n\t\t\t\t\t<a class=\"elementor-button elementor-button-link elementor-size-sm\" href=\"https:\/\/mobilia5.4vlab.org\/?product=hooloooutdor\">\n\t\t\t\t\t\t<span class=\"elementor-button-content-wrapper\">\n\t\t\t\t\t\t\t\t\t<span class=\"elementor-button-text\">Comprar ahora<\/span>\n\t\t\t\t\t<\/span>\n\t\t\t\t\t<\/a>\n\t\t\t\t<\/div>\n\t\t\t\t\t\t\t\t<\/div>\n\t\t\t\t<\/div>\n\t\t\t\t\t<\/div>\n\t\t<\/div>\n\t\t\t\t\t<\/div>\n\t\t<\/section>\n\t\t\t\t\t<\/div>\n\t\t<\/div>\n\t\t\t\t\t<\/div>\n\t\t<\/section>\n\t\t\t\t<section class=\"elementor-section elementor-top-section elementor-element elementor-element-6fed2e8e elementor-section-boxed elementor-section-height-default elementor-section-height-default\" data-id=\"6fed2e8e\" data-element_type=\"section\" data-settings=\"{&quot;background_background&quot;:&quot;classic&quot;}\">\n\t\t\t\t\t\t<div class=\"elementor-container elementor-column-gap-default\">\n\t\t\t\t\t<div class=\"elementor-column elementor-col-100 elementor-top-column elementor-element elementor-element-4c2b1281 elementor-invisible\" data-id=\"4c2b1281\" data-element_type=\"column\" data-settings=\"{&quot;animation&quot;:&quot;fadeInUp&quot;,&quot;animation_delay&quot;:100}\">\n\t\t\t<div class=\"elementor-widget-wrap elementor-element-populated\">\n\t\t\t\t\t\t<div class=\"elementor-element elementor-element-effc29e elementor-widget elementor-widget-heading\" data-id=\"effc29e\" data-element_type=\"widget\" data-widget_type=\"heading.default\">\n\t\t\t\t<div class=\"elementor-widget-container\">\n\t\t\t\t\t<h2 class=\"elementor-heading-title elementor-size-default\"><span style=\"font-size: 13px;font-weight: 400;text-transform: none;font-family: var( --e-global-typography-primary-font-family ), Sans-serif;text-align: center\">\ud83c\udf3f\u2728<\/span>Productos de exterior: la major opci\u00f3n para transformar tus espacios al aire libre<\/h2>\t\t\t\t<\/div>\n\t\t\t\t<\/div>\n\t\t\t\t<div class=\"elementor-element elementor-element-26be2905 elementor-widget elementor-widget-text-editor\" data-id=\"26be2905\" data-element_type=\"widget\" data-widget_type=\"text-editor.default\">\n\t\t\t\t<div class=\"elementor-widget-container\">\n\t\t\t\t\t\t\t\t\t<p data-start=\"94\" data-end=\"423\">En nuestra empresa, ofrecemos los <strong data-start=\"128\" data-end=\"161\">mejores productos de exterior<\/strong> dise\u00f1ados para llevar comodidad, estilo y tecnolog\u00eda a tu jard\u00edn, terraza o patio. Cada uno de nuestros productos combina materiales de alta calidad con innovaci\u00f3n, garantizando durabilidad, funcionalidad y un dise\u00f1o moderno que se adapta a cualquier entorno.<\/p><p data-start=\"425\" data-end=\"787\">Nos enfocamos en ofrecer soluciones que no solo embellecen tus espacios, sino que tambi\u00e9n mejoran tu experiencia al aire libre, proporcionando confort, eficiencia y un toque de sofisticaci\u00f3n. Ya sea para crear un ambiente relajante o para disfrutar de la \u00faltima tecnolog\u00eda, nuestros productos son la elecci\u00f3n ideal para quienes buscan lo mejor en cada detalle.<\/p><p data-start=\"789\" data-end=\"929\" data-is-last-node=\"\" data-is-only-node=\"\"><strong data-start=\"789\" data-end=\"929\" data-is-last-node=\"\">Haz de tu espacio exterior un lugar \u00fanico, inteligente y acogedor con la calidad y el compromiso que solo nuestra empresa puede ofrecer.<\/strong><\/p>\t\t\t\t\t\t\t\t<\/div>\n\t\t\t\t<\/div>\n\t\t\t\t<div class=\"elementor-element elementor-element-3bbd3b elementor-align-center elementor-widget elementor-widget-button\" data-id=\"3bbd3b\" data-element_type=\"widget\" data-widget_type=\"button.default\">\n\t\t\t\t<div class=\"elementor-widget-container\">\n\t\t\t\t\t\t\t\t\t<div class=\"elementor-button-wrapper\">\n\t\t\t\t\t<a class=\"elementor-button elementor-button-link elementor-size-sm elementor-animation-float\" href=\"#\">\n\t\t\t\t\t\t<span class=\"elementor-button-content-wrapper\">\n\t\t\t\t\t\t<span class=\"elementor-button-icon\">\n\t\t\t\t<svg aria-hidden=\"true\" class=\"e-font-icon-svg e-fas-map-marker-alt\" viewBox=\"0 0 384 512\" xmlns=\"http:\/\/www.w3.org\/2000\/svg\"><path d=\"M172.268 501.67C26.97 291.031 0 269.413 0 192 0 85.961 85.961 0 192 0s192 85.961 192 192c0 77.413-26.97 99.031-172.268 309.67-9.535 13.774-29.93 13.773-39.464 0zM192 272c44.183 0 80-35.817 80-80s-35.817-80-80-80-80 35.817-80 80 35.817 80 80 80z\"><\/path><\/svg>\t\t\t<\/span>\n\t\t\t\t\t\t\t\t\t<span class=\"elementor-button-text\">Visita los productos exteriores en nuestra tienda<\/span>\n\t\t\t\t\t<\/span>\n\t\t\t\t\t<\/a>\n\t\t\t\t<\/div>\n\t\t\t\t\t\t\t\t<\/div>\n\t\t\t\t<\/div>\n\t\t\t\t\t<\/div>\n\t\t<\/div>\n\t\t\t\t\t<\/div>\n\t\t<\/section>\n\t\t\t\t<\/div>\n\t\t","protected":false},"excerpt":{"rendered":"<p>Nuestra colecci\u00f3n Solar lounge \u00a1Dale un toque moderno y ecol\u00f3gico a tu jard\u00edn! &#x1f33f; Con estos muebles de jard\u00edn con paneles solares, disfruta de la combinaci\u00f3n perfecta entre comodidad, tecnolog\u00eda y sostenibilidad. Energ\u00eda solar al alcance de tu mano: Carga tus dispositivos electr\u00f3nicos gracias a&nbsp;<a class=\"read-more\" href=\"https:\/\/mobilia5.4vlab.org\/?page_id=18\">&hellip;<\/a><\/p>\n","protected":false},"author":1,"featured_media":0,"parent":0,"menu_order":0,"comment_status":"closed","ping_status":"closed","template":"elementor_header_footer","meta":{"footnotes":""},"class_list":["post-18","page","type-page","status-publish","hentry"],"_links":{"self":[{"href":"https:\/\/mobilia5.4vlab.org\/index.php?rest_route=\/wp\/v2\/pages\/18","targetHints":{"allow":["GET"]}}],"collection":[{"href":"https:\/\/mobilia5.4vlab.org\/index.php?rest_route=\/wp\/v2\/pages"}],"about":[{"href":"https:\/\/mobilia5.4vlab.org\/index.php?rest_route=\/wp\/v2\/types\/page"}],"author":[{"embeddable":true,"href":"https:\/\/mobilia5.4vlab.org\/index.php?rest_route=\/wp\/v2\/users\/1"}],"replies":[{"embeddable":true,"href":"https:\/\/mobilia5.4vlab.org\/index.php?rest_route=%2Fwp%2Fv2%2Fcomments&post=18"}],"version-history":[{"count":17,"href":"https:\/\/mobilia5.4vlab.org\/index.php?rest_route=\/wp\/v2\/pages\/18\/revisions"}],"predecessor-version":[{"id":460,"href":"https:\/\/mobilia5.4vlab.org\/index.php?rest_route=\/wp\/v2\/pages\/18\/revisions\/460"}],"wp:attachment":[{"href":"https:\/\/mobilia5.4vlab.org\/index.php?rest_route=%2Fwp%2Fv2%2Fmedia&parent=18"}],"curies":[{"name":"wp","href":"https:\/\/api.w.org\/{rel}","templated":true}]}}