{"id":20,"date":"2025-02-26T13:33:56","date_gmt":"2025-02-26T12:33:56","guid":{"rendered":"https:\/\/mobilia5.4vlab.org\/?page_id=20"},"modified":"2025-03-14T14:24:49","modified_gmt":"2025-03-14T13:24:49","slug":"exteriores","status":"publish","type":"page","link":"https:\/\/mobilia5.4vlab.org\/?page_id=20","title":{"rendered":"Muebles para oficina"},"content":{"rendered":"\t\t<div data-elementor-type=\"wp-page\" data-elementor-id=\"20\" class=\"elementor elementor-20\">\n\t\t\t\t\t\t<section class=\"elementor-section elementor-top-section elementor-element elementor-element-6f613757 elementor-reverse-mobile elementor-section-boxed elementor-section-height-default elementor-section-height-default\" data-id=\"6f613757\" data-element_type=\"section\" data-settings=\"{&quot;background_background&quot;:&quot;classic&quot;}\">\n\t\t\t\t\t\t<div class=\"elementor-container elementor-column-gap-default\">\n\t\t\t\t\t<div class=\"elementor-column elementor-col-100 elementor-top-column elementor-element elementor-element-12eddf48 elementor-invisible\" data-id=\"12eddf48\" data-element_type=\"column\" data-settings=\"{&quot;animation&quot;:&quot;fadeInLeft&quot;,&quot;animation_delay&quot;:100}\">\n\t\t\t<div class=\"elementor-widget-wrap elementor-element-populated\">\n\t\t\t\t\t\t<section class=\"elementor-section elementor-inner-section elementor-element elementor-element-1cc5257a elementor-section-boxed elementor-section-height-default elementor-section-height-default\" data-id=\"1cc5257a\" data-element_type=\"section\">\n\t\t\t\t\t\t<div class=\"elementor-container elementor-column-gap-default\">\n\t\t\t\t\t<div class=\"elementor-column elementor-col-100 elementor-inner-column elementor-element elementor-element-3827c85f elementor-invisible\" data-id=\"3827c85f\" data-element_type=\"column\" data-settings=\"{&quot;animation&quot;:&quot;fadeInRight&quot;}\">\n\t\t\t<div class=\"elementor-widget-wrap elementor-element-populated\">\n\t\t\t\t\t\t<div class=\"elementor-element elementor-element-78107d85 elementor-widget elementor-widget-heading\" data-id=\"78107d85\" data-element_type=\"widget\" data-widget_type=\"heading.default\">\n\t\t\t\t<div class=\"elementor-widget-container\">\n\t\t\t\t\t<h3 class=\"elementor-heading-title elementor-size-default\">Nuestros<\/h3>\t\t\t\t<\/div>\n\t\t\t\t<\/div>\n\t\t\t\t<div class=\"elementor-element elementor-element-5c81c233 elementor-widget elementor-widget-heading\" data-id=\"5c81c233\" data-element_type=\"widget\" data-widget_type=\"heading.default\">\n\t\t\t\t<div class=\"elementor-widget-container\">\n\t\t\t\t\t<h2 class=\"elementor-heading-title elementor-size-default\">Productos de oficina Futuristas y accesorios<\/h2>\t\t\t\t<\/div>\n\t\t\t\t<\/div>\n\t\t\t\t<div class=\"elementor-element elementor-element-1c998c9c elementor-widget-divider--view-line elementor-widget elementor-widget-divider\" data-id=\"1c998c9c\" data-element_type=\"widget\" data-widget_type=\"divider.default\">\n\t\t\t\t<div class=\"elementor-widget-container\">\n\t\t\t\t\t\t\t<div class=\"elementor-divider\">\n\t\t\t<span class=\"elementor-divider-separator\">\n\t\t\t\t\t\t<\/span>\n\t\t<\/div>\n\t\t\t\t\t\t<\/div>\n\t\t\t\t<\/div>\n\t\t\t\t<div class=\"elementor-element elementor-element-132ad9f9 elementor-widget-divider--view-line elementor-widget elementor-widget-divider\" data-id=\"132ad9f9\" data-element_type=\"widget\" data-widget_type=\"divider.default\">\n\t\t\t\t<div class=\"elementor-widget-container\">\n\t\t\t\t\t\t\t<div class=\"elementor-divider\">\n\t\t\t<span class=\"elementor-divider-separator\">\n\t\t\t\t\t\t<\/span>\n\t\t<\/div>\n\t\t\t\t\t\t<\/div>\n\t\t\t\t<\/div>\n\t\t\t\t\t<\/div>\n\t\t<\/div>\n\t\t\t\t\t<\/div>\n\t\t<\/section>\n\t\t\t\t<section class=\"elementor-section elementor-inner-section elementor-element elementor-element-2fe4bfeb elementor-section-boxed elementor-section-height-default elementor-section-height-default\" data-id=\"2fe4bfeb\" data-element_type=\"section\">\n\t\t\t\t\t\t<div class=\"elementor-container elementor-column-gap-extended\">\n\t\t\t\t\t<div class=\"elementor-column elementor-col-100 elementor-inner-column elementor-element elementor-element-7797ea23 elementor-invisible\" data-id=\"7797ea23\" data-element_type=\"column\" data-settings=\"{&quot;animation&quot;:&quot;fadeInLeft&quot;,&quot;animation_delay&quot;:100}\">\n\t\t\t<div class=\"elementor-widget-wrap elementor-element-populated\">\n\t\t\t\t\t\t<div class=\"elementor-element elementor-element-146cfbfc elementor-widget elementor-widget-image\" data-id=\"146cfbfc\" data-element_type=\"widget\" data-widget_type=\"image.default\">\n\t\t\t\t<div class=\"elementor-widget-container\">\n\t\t\t\t\t\t\t\t\t\t\t\t\t\t\t\t<a href=\"#\">\n\t\t\t\t\t\t\t<img decoding=\"async\" src=\"https:\/\/mobilia5.4vlab.org\/wp-content\/uploads\/2025\/03\/Intelligent-Desks-with-wireless-charging-automatic-height-adjustments-transparent-screens-and-integrated-virtual-assistants-1.jpg\" title=\"Intelligent Desks with wireless charging, automatic height adjustments, transparent screens, and integrated virtual assistants (1)\" alt=\"Intelligent Desks with wireless charging, automatic height adjustments, transparent screens, and integrated virtual assistants (1)\" loading=\"lazy\" \/>\t\t\t\t\t\t\t\t<\/a>\n\t\t\t\t\t\t\t\t\t\t\t\t\t\t\t<\/div>\n\t\t\t\t<\/div>\n\t\t\t\t<div class=\"elementor-element elementor-element-76ffe458 elementor-widget elementor-widget-heading\" data-id=\"76ffe458\" data-element_type=\"widget\" data-widget_type=\"heading.default\">\n\t\t\t\t<div class=\"elementor-widget-container\">\n\t\t\t\t\t<h1 class=\"elementor-heading-title elementor-size-default\"><a href=\"#\">SMARTDESK X<\/a><\/h1>\t\t\t\t<\/div>\n\t\t\t\t<\/div>\n\t\t\t\t<div class=\"elementor-element elementor-element-25aaa834 elementor-widget elementor-widget-text-editor\" data-id=\"25aaa834\" data-element_type=\"widget\" data-widget_type=\"text-editor.default\">\n\t\t\t\t<div class=\"elementor-widget-container\">\n\t\t\t\t\t\t\t\t\t<p data-start=\"65\" data-end=\"441\">Este innovador dispositivo cuenta con carga inal\u00e1mbrica de alta eficiencia, ajustes de altura autom\u00e1ticos para una experiencia ergon\u00f3mica personalizada, una pantalla transparente de \u00faltima generaci\u00f3n que ofrece una visualizaci\u00f3n n\u00edtida y futurista, y un asistente virtual integrado que responde a comandos de voz, facilitando la interacci\u00f3n y optimizando la productividad.\u00bb<\/p><p data-start=\"443\" data-end=\"520\" data-is-last-node=\"\" data-is-only-node=\"\">Si necesitas que resalte alg\u00fan aspecto en particular, dime y lo ajustamos.<\/p><p data-start=\"443\" data-end=\"520\" data-is-last-node=\"\" data-is-only-node=\"\">\u00a0<\/p>\t\t\t\t\t\t\t\t<\/div>\n\t\t\t\t<\/div>\n\t\t\t\t<div class=\"elementor-element elementor-element-d9f7b90 elementor-align-center elementor-widget elementor-widget-button\" data-id=\"d9f7b90\" data-element_type=\"widget\" data-widget_type=\"button.default\">\n\t\t\t\t<div class=\"elementor-widget-container\">\n\t\t\t\t\t\t\t\t\t<div class=\"elementor-button-wrapper\">\n\t\t\t\t\t<a class=\"elementor-button elementor-button-link elementor-size-sm\" href=\"https:\/\/mobilia5.4vlab.org\/?product=smartdesk-x\">\n\t\t\t\t\t\t<span class=\"elementor-button-content-wrapper\">\n\t\t\t\t\t\t\t\t\t<span class=\"elementor-button-text\">Comprar ahora<\/span>\n\t\t\t\t\t<\/span>\n\t\t\t\t\t<\/a>\n\t\t\t\t<\/div>\n\t\t\t\t\t\t\t\t<\/div>\n\t\t\t\t<\/div>\n\t\t\t\t\t<\/div>\n\t\t<\/div>\n\t\t\t\t\t<\/div>\n\t\t<\/section>\n\t\t\t\t<section class=\"elementor-section elementor-inner-section elementor-element elementor-element-70cd5e7 elementor-section-boxed elementor-section-height-default elementor-section-height-default\" data-id=\"70cd5e7\" data-element_type=\"section\">\n\t\t\t\t\t\t<div class=\"elementor-container elementor-column-gap-extended\">\n\t\t\t\t\t<div class=\"elementor-column elementor-col-50 elementor-inner-column elementor-element elementor-element-53b015f elementor-invisible\" data-id=\"53b015f\" data-element_type=\"column\" data-settings=\"{&quot;animation&quot;:&quot;fadeInLeft&quot;,&quot;animation_delay&quot;:100}\">\n\t\t\t<div class=\"elementor-widget-wrap elementor-element-populated\">\n\t\t\t\t\t\t<div class=\"elementor-element elementor-element-42a2c2c elementor-widget elementor-widget-image\" data-id=\"42a2c2c\" data-element_type=\"widget\" data-widget_type=\"image.default\">\n\t\t\t\t<div class=\"elementor-widget-container\">\n\t\t\t\t\t\t\t\t\t\t\t\t\t\t\t\t<a href=\"#\">\n\t\t\t\t\t\t\t<img decoding=\"async\" src=\"https:\/\/mobilia5.4vlab.org\/wp-content\/uploads\/2025\/03\/cggt.png\" title=\"cggt\" alt=\"cggt\" loading=\"lazy\" \/>\t\t\t\t\t\t\t\t<\/a>\n\t\t\t\t\t\t\t\t\t\t\t\t\t\t\t<\/div>\n\t\t\t\t<\/div>\n\t\t\t\t<div class=\"elementor-element elementor-element-8311412 elementor-widget elementor-widget-heading\" data-id=\"8311412\" data-element_type=\"widget\" data-widget_type=\"heading.default\">\n\t\t\t\t<div class=\"elementor-widget-container\">\n\t\t\t\t\t<h1 class=\"elementor-heading-title elementor-size-default\"><a href=\"#\">smartpanel<\/a><\/h1>\t\t\t\t<\/div>\n\t\t\t\t<\/div>\n\t\t\t\t<div class=\"elementor-element elementor-element-bbeacaf elementor-widget elementor-widget-text-editor\" data-id=\"bbeacaf\" data-element_type=\"widget\" data-widget_type=\"text-editor.default\">\n\t\t\t\t<div class=\"elementor-widget-container\">\n\t\t\t\t\t\t\t\t\t<p data-start=\"0\" data-end=\"359\">Estas estanter\u00edas modulares digitales ofrecen una soluci\u00f3n inteligente y vers\u00e1til para la organizaci\u00f3n, con iluminaci\u00f3n LED autom\u00e1tica que se adapta a la ambientaci\u00f3n, integraci\u00f3n avanzada con asistentes de voz para un control manos libres y estantes m\u00f3viles ajustables mediante una aplicaci\u00f3n, permitiendo una personalizaci\u00f3n total seg\u00fan tus necesidades.\u00bb<\/p><p data-start=\"361\" data-end=\"436\" data-is-last-node=\"\" data-is-only-node=\"\">\u00a0<\/p>\t\t\t\t\t\t\t\t<\/div>\n\t\t\t\t<\/div>\n\t\t\t\t<div class=\"elementor-element elementor-element-47b0ea1 elementor-align-center elementor-widget elementor-widget-button\" data-id=\"47b0ea1\" data-element_type=\"widget\" data-widget_type=\"button.default\">\n\t\t\t\t<div class=\"elementor-widget-container\">\n\t\t\t\t\t\t\t\t\t<div class=\"elementor-button-wrapper\">\n\t\t\t\t\t<a class=\"elementor-button elementor-button-link elementor-size-sm\" href=\"https:\/\/mobilia5.4vlab.org\/?product=luminosheft\">\n\t\t\t\t\t\t<span class=\"elementor-button-content-wrapper\">\n\t\t\t\t\t\t\t\t\t<span class=\"elementor-button-text\">Comprar ahora<\/span>\n\t\t\t\t\t<\/span>\n\t\t\t\t\t<\/a>\n\t\t\t\t<\/div>\n\t\t\t\t\t\t\t\t<\/div>\n\t\t\t\t<\/div>\n\t\t\t\t\t<\/div>\n\t\t<\/div>\n\t\t\t\t<div class=\"elementor-column elementor-col-50 elementor-inner-column elementor-element elementor-element-e1a0539 elementor-invisible\" data-id=\"e1a0539\" data-element_type=\"column\" data-settings=\"{&quot;animation&quot;:&quot;fadeInRight&quot;,&quot;animation_delay&quot;:300}\">\n\t\t\t<div class=\"elementor-widget-wrap elementor-element-populated\">\n\t\t\t\t\t\t<div class=\"elementor-element elementor-element-3d53bc9 elementor-widget elementor-widget-image\" data-id=\"3d53bc9\" data-element_type=\"widget\" data-widget_type=\"image.default\">\n\t\t\t\t<div class=\"elementor-widget-container\">\n\t\t\t\t\t\t\t\t\t\t\t\t\t\t\t\t<a href=\"#\">\n\t\t\t\t\t\t\t<img decoding=\"async\" src=\"https:\/\/mobilia5.4vlab.org\/wp-content\/uploads\/2025\/03\/un-mueble-archivero-con-seguridad-biometrica-y-huella-digital-moderno-1.jpg\" title=\"un mueble archivero, con seguridad biometrica y huella digital moderno (1)\" alt=\"un mueble archivero, con seguridad biometrica y huella digital moderno (1)\" loading=\"lazy\" \/>\t\t\t\t\t\t\t\t<\/a>\n\t\t\t\t\t\t\t\t\t\t\t\t\t\t\t<\/div>\n\t\t\t\t<\/div>\n\t\t\t\t<div class=\"elementor-element elementor-element-7ad4334 elementor-widget elementor-widget-heading\" data-id=\"7ad4334\" data-element_type=\"widget\" data-widget_type=\"heading.default\">\n\t\t\t\t<div class=\"elementor-widget-container\">\n\t\t\t\t\t<h1 class=\"elementor-heading-title elementor-size-default\"><a href=\"#\">Securevault<\/a><\/h1>\t\t\t\t<\/div>\n\t\t\t\t<\/div>\n\t\t\t\t<div class=\"elementor-element elementor-element-2fe694d elementor-widget elementor-widget-text-editor\" data-id=\"2fe694d\" data-element_type=\"widget\" data-widget_type=\"text-editor.default\">\n\t\t\t\t<div class=\"elementor-widget-container\">\n\t\t\t\t\t\t\t\t\t<p>Estos archiveros de alta seguridad cuentan con un sistema de apertura avanzado que combina tecnolog\u00eda de huella digital, reconocimiento facial y comandos de voz, garantizando un acceso exclusivo y seguro. Dise\u00f1ados para brindar la m\u00e1xima protecci\u00f3n, ofrecen una experiencia moderna y eficiente para el almacenamiento de documentos y objetos de valor.\u00bb<\/p>\t\t\t\t\t\t\t\t<\/div>\n\t\t\t\t<\/div>\n\t\t\t\t<div class=\"elementor-element elementor-element-5aeddf6 elementor-align-center elementor-widget elementor-widget-button\" data-id=\"5aeddf6\" data-element_type=\"widget\" data-widget_type=\"button.default\">\n\t\t\t\t<div class=\"elementor-widget-container\">\n\t\t\t\t\t\t\t\t\t<div class=\"elementor-button-wrapper\">\n\t\t\t\t\t<a class=\"elementor-button elementor-button-link elementor-size-sm\" href=\"https:\/\/mobilia5.4vlab.org\/?product=securevalt\">\n\t\t\t\t\t\t<span class=\"elementor-button-content-wrapper\">\n\t\t\t\t\t\t\t\t\t<span class=\"elementor-button-text\">Comprar ahora<\/span>\n\t\t\t\t\t<\/span>\n\t\t\t\t\t<\/a>\n\t\t\t\t<\/div>\n\t\t\t\t\t\t\t\t<\/div>\n\t\t\t\t<\/div>\n\t\t\t\t\t<\/div>\n\t\t<\/div>\n\t\t\t\t\t<\/div>\n\t\t<\/section>\n\t\t\t\t<section class=\"elementor-section elementor-inner-section elementor-element elementor-element-dd6be82 elementor-section-boxed elementor-section-height-default elementor-section-height-default\" data-id=\"dd6be82\" data-element_type=\"section\">\n\t\t\t\t\t\t<div class=\"elementor-container elementor-column-gap-extended\">\n\t\t\t\t\t<div class=\"elementor-column elementor-col-50 elementor-inner-column elementor-element elementor-element-55d707b elementor-invisible\" data-id=\"55d707b\" data-element_type=\"column\" data-settings=\"{&quot;animation&quot;:&quot;fadeInLeft&quot;,&quot;animation_delay&quot;:100}\">\n\t\t\t<div class=\"elementor-widget-wrap elementor-element-populated\">\n\t\t\t\t\t\t<div class=\"elementor-element elementor-element-2d5e8d4 elementor-widget elementor-widget-image\" data-id=\"2d5e8d4\" data-element_type=\"widget\" data-widget_type=\"image.default\">\n\t\t\t\t<div class=\"elementor-widget-container\">\n\t\t\t\t\t\t\t\t\t\t\t\t\t\t\t\t<a href=\"#\">\n\t\t\t\t\t\t\t<img decoding=\"async\" src=\"https:\/\/mobilia5.4vlab.org\/wp-content\/uploads\/2025\/03\/Relojes-Decorativos-de-torre-para-mobiliario-con-Pantallas-Inteligentes-\u2013-Personalizacion-de-diseno-proyeccion-de-informacion-del-clima-agenda-y-sincronizacion-con-dispositivos-moviles-1.jpg\" title=\"Relojes Decorativos de torre para mobiliario con Pantallas Inteligentes \u2013 Personalizaci\u00f3n de dise\u00f1o, proyecci\u00f3n de informaci\u00f3n del clima, agenda y sincronizaci\u00f3n con dispositivos m\u00f3viles\" alt=\"Relojes Decorativos de torre para mobiliario con Pantallas Inteligentes \u2013 Personalizaci\u00f3n de dise\u00f1o, proyecci\u00f3n de informaci\u00f3n del clima, agenda y sincronizaci\u00f3n con dispositivos m\u00f3viles\" loading=\"lazy\" \/>\t\t\t\t\t\t\t\t<\/a>\n\t\t\t\t\t\t\t\t\t\t\t\t\t\t\t<\/div>\n\t\t\t\t<\/div>\n\t\t\t\t<div class=\"elementor-element elementor-element-0c0bf6e elementor-widget elementor-widget-heading\" data-id=\"0c0bf6e\" data-element_type=\"widget\" data-widget_type=\"heading.default\">\n\t\t\t\t<div class=\"elementor-widget-container\">\n\t\t\t\t\t<h1 class=\"elementor-heading-title elementor-size-default\"><a href=\"#\">timesynk<\/a><\/h1>\t\t\t\t<\/div>\n\t\t\t\t<\/div>\n\t\t\t\t<div class=\"elementor-element elementor-element-c20ab1c elementor-widget elementor-widget-text-editor\" data-id=\"c20ab1c\" data-element_type=\"widget\" data-widget_type=\"text-editor.default\">\n\t\t\t\t<div class=\"elementor-widget-container\">\n\t\t\t\t\t\t\t\t\t<p>Reloj decorativo de dise\u00f1o moderno con pantalla inteligente que permite la proyecci\u00f3n de informaci\u00f3n en tiempo real, incluyendo el clima, la agenda diaria y notificaciones. Adem\u00e1s, cuenta con sincronizaci\u00f3n avanzada con dispositivos m\u00f3viles para ofrecer una experiencia conectada y personalizada.<\/p>\t\t\t\t\t\t\t\t<\/div>\n\t\t\t\t<\/div>\n\t\t\t\t<div class=\"elementor-element elementor-element-61316b5 elementor-align-center elementor-widget elementor-widget-button\" data-id=\"61316b5\" data-element_type=\"widget\" data-widget_type=\"button.default\">\n\t\t\t\t<div class=\"elementor-widget-container\">\n\t\t\t\t\t\t\t\t\t<div class=\"elementor-button-wrapper\">\n\t\t\t\t\t<a class=\"elementor-button elementor-button-link elementor-size-sm\" href=\"https:\/\/mobilia5.4vlab.org\/?product=timesynk\">\n\t\t\t\t\t\t<span class=\"elementor-button-content-wrapper\">\n\t\t\t\t\t\t\t\t\t<span class=\"elementor-button-text\">Comprar ahora<\/span>\n\t\t\t\t\t<\/span>\n\t\t\t\t\t<\/a>\n\t\t\t\t<\/div>\n\t\t\t\t\t\t\t\t<\/div>\n\t\t\t\t<\/div>\n\t\t\t\t\t<\/div>\n\t\t<\/div>\n\t\t\t\t<div class=\"elementor-column elementor-col-50 elementor-inner-column elementor-element elementor-element-f4a8b0a elementor-invisible\" data-id=\"f4a8b0a\" data-element_type=\"column\" data-settings=\"{&quot;animation&quot;:&quot;fadeInRight&quot;,&quot;animation_delay&quot;:300}\">\n\t\t\t<div class=\"elementor-widget-wrap elementor-element-populated\">\n\t\t\t\t\t\t<div class=\"elementor-element elementor-element-726cb7c elementor-widget elementor-widget-image\" data-id=\"726cb7c\" data-element_type=\"widget\" data-widget_type=\"image.default\">\n\t\t\t\t<div class=\"elementor-widget-container\">\n\t\t\t\t\t\t\t\t\t\t\t\t\t\t\t\t<a href=\"#\">\n\t\t\t\t\t\t\t<img decoding=\"async\" src=\"https:\/\/mobilia5.4vlab.org\/wp-content\/uploads\/2025\/03\/u89jiokrgmlsv-d.png\" title=\"u89jiokrgmlsv d,\" alt=\"u89jiokrgmlsv d,\" loading=\"lazy\" \/>\t\t\t\t\t\t\t\t<\/a>\n\t\t\t\t\t\t\t\t\t\t\t\t\t\t\t<\/div>\n\t\t\t\t<\/div>\n\t\t\t\t<div class=\"elementor-element elementor-element-853c080 elementor-widget elementor-widget-heading\" data-id=\"853c080\" data-element_type=\"widget\" data-widget_type=\"heading.default\">\n\t\t\t\t<div class=\"elementor-widget-container\">\n\t\t\t\t\t<h1 class=\"elementor-heading-title elementor-size-default\"><a href=\"#\">Auratable<\/a><\/h1>\t\t\t\t<\/div>\n\t\t\t\t<\/div>\n\t\t\t\t<div class=\"elementor-element elementor-element-1a2f3fd elementor-widget elementor-widget-text-editor\" data-id=\"1a2f3fd\" data-element_type=\"widget\" data-widget_type=\"text-editor.default\">\n\t\t\t\t<div class=\"elementor-widget-container\">\n\t\t\t\t\t\t\t\t\t<p data-start=\"0\" data-end=\"258\">Tableta gigante inteligente con tecnolog\u00eda automatizada, dise\u00f1ada para ofrecer una experiencia fluida y conectada. Su amplia pantalla de alta resoluci\u00f3n permite una visualizaci\u00f3n clara y envolvente, ideal para productividad, entretenimiento y colaboraci\u00f3n.<\/p><p>\u00a0<\/p><p data-start=\"260\" data-end=\"620\" data-is-last-node=\"\" data-is-only-node=\"\">Equipada con un potente procesador y conectividad avanzada, se integra f\u00e1cilmente con otros dispositivos y ofrece control intuitivo mediante comandos t\u00e1ctiles y de voz. Su sistema automatizado optimiza el rendimiento y el consumo energ\u00e9tico, adapt\u00e1ndose a las necesidades del usuario en distintos entornos, desde el hogar hasta espacios de trabajo y educaci\u00f3n.<\/p>\t\t\t\t\t\t\t\t<\/div>\n\t\t\t\t<\/div>\n\t\t\t\t<div class=\"elementor-element elementor-element-cd973ca elementor-align-center elementor-widget elementor-widget-button\" data-id=\"cd973ca\" data-element_type=\"widget\" data-widget_type=\"button.default\">\n\t\t\t\t<div class=\"elementor-widget-container\">\n\t\t\t\t\t\t\t\t\t<div class=\"elementor-button-wrapper\">\n\t\t\t\t\t<a class=\"elementor-button elementor-button-link elementor-size-sm\" href=\"https:\/\/mobilia5.4vlab.org\/?product=aura-table\">\n\t\t\t\t\t\t<span class=\"elementor-button-content-wrapper\">\n\t\t\t\t\t\t\t\t\t<span class=\"elementor-button-text\">Comprar ahora<\/span>\n\t\t\t\t\t<\/span>\n\t\t\t\t\t<\/a>\n\t\t\t\t<\/div>\n\t\t\t\t\t\t\t\t<\/div>\n\t\t\t\t<\/div>\n\t\t\t\t\t<\/div>\n\t\t<\/div>\n\t\t\t\t\t<\/div>\n\t\t<\/section>\n\t\t\t\t\t<\/div>\n\t\t<\/div>\n\t\t\t\t\t<\/div>\n\t\t<\/section>\n\t\t\t\t<section class=\"elementor-section elementor-top-section elementor-element elementor-element-55afc477 elementor-section-content-middle elementor-section-boxed elementor-section-height-default elementor-section-height-default\" data-id=\"55afc477\" data-element_type=\"section\" data-settings=\"{&quot;background_background&quot;:&quot;classic&quot;}\">\n\t\t\t\t\t\t\t<div class=\"elementor-background-overlay\"><\/div>\n\t\t\t\t\t\t\t<div class=\"elementor-container elementor-column-gap-default\">\n\t\t\t\t\t<div class=\"elementor-column elementor-col-100 elementor-top-column elementor-element elementor-element-3da4fe58\" data-id=\"3da4fe58\" data-element_type=\"column\">\n\t\t\t<div class=\"elementor-widget-wrap elementor-element-populated\">\n\t\t\t\t\t\t<div class=\"elementor-element elementor-element-6670a19b elementor-widget elementor-widget-heading\" data-id=\"6670a19b\" data-element_type=\"widget\" data-widget_type=\"heading.default\">\n\t\t\t\t<div class=\"elementor-widget-container\">\n\t\t\t\t\t<h2 class=\"elementor-heading-title elementor-size-default\">Visita nuestra tienda<\/h2>\t\t\t\t<\/div>\n\t\t\t\t<\/div>\n\t\t\t\t<div class=\"elementor-element elementor-element-79a5117c elementor-widget elementor-widget-text-editor\" data-id=\"79a5117c\" data-element_type=\"widget\" data-widget_type=\"text-editor.default\">\n\t\t\t\t<div class=\"elementor-widget-container\">\n\t\t\t\t\t\t\t\t\t<p>Pamplona, Sancho el fuerte 25<\/p>\t\t\t\t\t\t\t\t<\/div>\n\t\t\t\t<\/div>\n\t\t\t\t\t<\/div>\n\t\t<\/div>\n\t\t\t\t\t<\/div>\n\t\t<\/section>\n\t\t<div class=\"elementor-element elementor-element-9d1a6f3 e-flex e-con-boxed e-con e-parent\" data-id=\"9d1a6f3\" data-element_type=\"container\">\n\t\t\t\t\t<div class=\"e-con-inner\">\n\t\t\t\t\t<\/div>\n\t\t\t\t<\/div>\n\t\t\t\t<section class=\"elementor-section elementor-top-section elementor-element elementor-element-605b3a7e elementor-section-boxed elementor-section-height-default elementor-section-height-default\" data-id=\"605b3a7e\" data-element_type=\"section\" data-settings=\"{&quot;background_background&quot;:&quot;classic&quot;}\">\n\t\t\t\t\t\t<div class=\"elementor-container elementor-column-gap-default\">\n\t\t\t\t\t<div class=\"elementor-column elementor-col-50 elementor-top-column elementor-element elementor-element-67d516ad elementor-invisible\" data-id=\"67d516ad\" data-element_type=\"column\" data-settings=\"{&quot;animation&quot;:&quot;fadeIn&quot;,&quot;animation_delay&quot;:200}\">\n\t\t\t<div class=\"elementor-widget-wrap elementor-element-populated\">\n\t\t\t\t\t\t<div class=\"elementor-element elementor-element-2c27d5ce elementor-widget elementor-widget-heading\" data-id=\"2c27d5ce\" data-element_type=\"widget\" data-widget_type=\"heading.default\">\n\t\t\t\t<div class=\"elementor-widget-container\">\n\t\t\t\t\t<h2 class=\"elementor-heading-title elementor-size-default\">Nuestros productos de oficina online<\/h2>\t\t\t\t<\/div>\n\t\t\t\t<\/div>\n\t\t\t\t<div class=\"elementor-element elementor-element-36ec40e2 elementor-widget elementor-widget-text-editor\" data-id=\"36ec40e2\" data-element_type=\"widget\" data-widget_type=\"text-editor.default\">\n\t\t\t\t<div class=\"elementor-widget-container\">\n\t\t\t\t\t\t\t\t\t<p>En nuestra tienda online, encontrar\u00e1s estos innovadores productos dise\u00f1ados para brindarte comodidad, seguridad y tecnolog\u00eda de vanguardia. Desde estanter\u00edas modulares digitales con iluminaci\u00f3n LED autom\u00e1tica hasta archiveros con apertura mediante huella digital, reconocimiento facial o comandos de voz, ofrecemos soluciones inteligentes para tu hogar u oficina. \u00a1Explora nuestra tienda y descubre lo \u00faltimo en tecnolog\u00eda para tu espacio!<\/p>\t\t\t\t\t\t\t\t<\/div>\n\t\t\t\t<\/div>\n\t\t\t\t\t<\/div>\n\t\t<\/div>\n\t\t\t\t<div class=\"elementor-column elementor-col-50 elementor-top-column elementor-element elementor-element-4d0036c\" data-id=\"4d0036c\" data-element_type=\"column\">\n\t\t\t<div class=\"elementor-widget-wrap elementor-element-populated\">\n\t\t\t\t\t\t<div class=\"elementor-element elementor-element-3e0fb21a elementor-align-right elementor-mobile-align-center elementor-widget elementor-widget-button\" data-id=\"3e0fb21a\" data-element_type=\"widget\" data-widget_type=\"button.default\">\n\t\t\t\t<div class=\"elementor-widget-container\">\n\t\t\t\t\t\t\t\t\t<div class=\"elementor-button-wrapper\">\n\t\t\t\t\t<a class=\"elementor-button elementor-button-link elementor-size-sm elementor-animation-float\" href=\"#\">\n\t\t\t\t\t\t<span class=\"elementor-button-content-wrapper\">\n\t\t\t\t\t\t<span class=\"elementor-button-icon\">\n\t\t\t\t<svg aria-hidden=\"true\" class=\"e-font-icon-svg e-fas-map-marker-alt\" viewBox=\"0 0 384 512\" xmlns=\"http:\/\/www.w3.org\/2000\/svg\"><path d=\"M172.268 501.67C26.97 291.031 0 269.413 0 192 0 85.961 85.961 0 192 0s192 85.961 192 192c0 77.413-26.97 99.031-172.268 309.67-9.535 13.774-29.93 13.773-39.464 0zM192 272c44.183 0 80-35.817 80-80s-35.817-80-80-80-80 35.817-80 80 35.817 80 80 80z\"><\/path><\/svg>\t\t\t<\/span>\n\t\t\t\t\t\t\t\t\t<span class=\"elementor-button-text\">nuestra Tienda online<\/span>\n\t\t\t\t\t<\/span>\n\t\t\t\t\t<\/a>\n\t\t\t\t<\/div>\n\t\t\t\t\t\t\t\t<\/div>\n\t\t\t\t<\/div>\n\t\t\t\t\t<\/div>\n\t\t<\/div>\n\t\t\t\t\t<\/div>\n\t\t<\/section>\n\t\t\t\t<\/div>\n\t\t","protected":false},"excerpt":{"rendered":"<p>Nuestros Productos de oficina Futuristas y accesorios SMARTDESK X Este innovador dispositivo cuenta con carga inal\u00e1mbrica de alta eficiencia, ajustes de altura autom\u00e1ticos para una experiencia ergon\u00f3mica personalizada, una pantalla transparente de \u00faltima generaci\u00f3n que ofrece una visualizaci\u00f3n n\u00edtida y futurista, y un asistente virtual&nbsp;<a class=\"read-more\" href=\"https:\/\/mobilia5.4vlab.org\/?page_id=20\">&hellip;<\/a><\/p>\n","protected":false},"author":1,"featured_media":0,"parent":0,"menu_order":0,"comment_status":"closed","ping_status":"closed","template":"elementor_header_footer","meta":{"footnotes":""},"class_list":["post-20","page","type-page","status-publish","hentry"],"_links":{"self":[{"href":"https:\/\/mobilia5.4vlab.org\/index.php?rest_route=\/wp\/v2\/pages\/20","targetHints":{"allow":["GET"]}}],"collection":[{"href":"https:\/\/mobilia5.4vlab.org\/index.php?rest_route=\/wp\/v2\/pages"}],"about":[{"href":"https:\/\/mobilia5.4vlab.org\/index.php?rest_route=\/wp\/v2\/types\/page"}],"author":[{"embeddable":true,"href":"https:\/\/mobilia5.4vlab.org\/index.php?rest_route=\/wp\/v2\/users\/1"}],"replies":[{"embeddable":true,"href":"https:\/\/mobilia5.4vlab.org\/index.php?rest_route=%2Fwp%2Fv2%2Fcomments&post=20"}],"version-history":[{"count":35,"href":"https:\/\/mobilia5.4vlab.org\/index.php?rest_route=\/wp\/v2\/pages\/20\/revisions"}],"predecessor-version":[{"id":456,"href":"https:\/\/mobilia5.4vlab.org\/index.php?rest_route=\/wp\/v2\/pages\/20\/revisions\/456"}],"wp:attachment":[{"href":"https:\/\/mobilia5.4vlab.org\/index.php?rest_route=%2Fwp%2Fv2%2Fmedia&parent=20"}],"curies":[{"name":"wp","href":"https:\/\/api.w.org\/{rel}","templated":true}]}}