{"id":348,"date":"2025-03-13T09:13:38","date_gmt":"2025-03-13T08:13:38","guid":{"rendered":"https:\/\/mobilia5.4vlab.org\/?post_type=product&#038;p=348"},"modified":"2025-03-14T14:02:24","modified_gmt":"2025-03-14T13:02:24","slug":"ergoalseat","status":"publish","type":"product","link":"https:\/\/mobilia5.4vlab.org\/?product=ergoalseat","title":{"rendered":"ErgoAlseat"},"content":{"rendered":"","protected":false},"excerpt":{"rendered":"<p><span class=\"OYPEnA font-feature-liga-off font-feature-clig-off font-feature-calt-off text-decoration-none text-strikethrough-none\">Ajuste ergon\u00f3mico inteligente, funci\u00f3n de calefacci\u00f3n\/enfriamiento y sensores de bienestar.<\/span><\/p>\n","protected":false},"featured_media":240,"comment_status":"open","ping_status":"closed","template":"","meta":[],"product_brand":[],"product_cat":[21],"product_tag":[],"class_list":{"0":"post-348","1":"product","2":"type-product","3":"status-publish","4":"has-post-thumbnail","6":"product_cat-muebles-hogar","8":"first","9":"instock","10":"shipping-taxable","11":"purchasable","12":"product-type-simple"},"_links":{"self":[{"href":"https:\/\/mobilia5.4vlab.org\/index.php?rest_route=\/wp\/v2\/product\/348","targetHints":{"allow":["GET"]}}],"collection":[{"href":"https:\/\/mobilia5.4vlab.org\/index.php?rest_route=\/wp\/v2\/product"}],"about":[{"href":"https:\/\/mobilia5.4vlab.org\/index.php?rest_route=\/wp\/v2\/types\/product"}],"replies":[{"embeddable":true,"href":"https:\/\/mobilia5.4vlab.org\/index.php?rest_route=%2Fwp%2Fv2%2Fcomments&post=348"}],"wp:featuredmedia":[{"embeddable":true,"href":"https:\/\/mobilia5.4vlab.org\/index.php?rest_route=\/wp\/v2\/media\/240"}],"wp:attachment":[{"href":"https:\/\/mobilia5.4vlab.org\/index.php?rest_route=%2Fwp%2Fv2%2Fmedia&parent=348"}],"wp:term":[{"taxonomy":"product_brand","embeddable":true,"href":"https:\/\/mobilia5.4vlab.org\/index.php?rest_route=%2Fwp%2Fv2%2Fproduct_brand&post=348"},{"taxonomy":"product_cat","embeddable":true,"href":"https:\/\/mobilia5.4vlab.org\/index.php?rest_route=%2Fwp%2Fv2%2Fproduct_cat&post=348"},{"taxonomy":"product_tag","embeddable":true,"href":"https:\/\/mobilia5.4vlab.org\/index.php?rest_route=%2Fwp%2Fv2%2Fproduct_tag&post=348"}],"curies":[{"name":"wp","href":"https:\/\/api.w.org\/{rel}","templated":true}]}}