{"id":367,"date":"2025-03-13T12:17:56","date_gmt":"2025-03-13T11:17:56","guid":{"rendered":"https:\/\/mobilia5.4vlab.org\/?post_type=product&#038;p=367"},"modified":"2025-03-14T14:03:46","modified_gmt":"2025-03-14T13:03:46","slug":"timesynk","status":"publish","type":"product","link":"https:\/\/mobilia5.4vlab.org\/?product=timesynk","title":{"rendered":"Timesynk"},"content":{"rendered":"","protected":false},"excerpt":{"rendered":"<p><span class=\"OYPEnA font-feature-liga-off font-feature-clig-off font-feature-calt-off text-decoration-none text-strikethrough-none\">Reloj decorativo con pantalla inteligente para proyecci\u00f3n de clima, agenda y sincronizaci\u00f3n con dispositivos m\u00f3viles.<\/span><\/p>\n","protected":false},"featured_media":193,"comment_status":"open","ping_status":"closed","template":"","meta":[],"product_brand":[],"product_cat":[22],"product_tag":[],"class_list":{"0":"post-367","1":"product","2":"type-product","3":"status-publish","4":"has-post-thumbnail","6":"product_cat-muebles-oficina","8":"first","9":"instock","10":"shipping-taxable","11":"purchasable","12":"product-type-simple"},"_links":{"self":[{"href":"https:\/\/mobilia5.4vlab.org\/index.php?rest_route=\/wp\/v2\/product\/367","targetHints":{"allow":["GET"]}}],"collection":[{"href":"https:\/\/mobilia5.4vlab.org\/index.php?rest_route=\/wp\/v2\/product"}],"about":[{"href":"https:\/\/mobilia5.4vlab.org\/index.php?rest_route=\/wp\/v2\/types\/product"}],"replies":[{"embeddable":true,"href":"https:\/\/mobilia5.4vlab.org\/index.php?rest_route=%2Fwp%2Fv2%2Fcomments&post=367"}],"wp:featuredmedia":[{"embeddable":true,"href":"https:\/\/mobilia5.4vlab.org\/index.php?rest_route=\/wp\/v2\/media\/193"}],"wp:attachment":[{"href":"https:\/\/mobilia5.4vlab.org\/index.php?rest_route=%2Fwp%2Fv2%2Fmedia&parent=367"}],"wp:term":[{"taxonomy":"product_brand","embeddable":true,"href":"https:\/\/mobilia5.4vlab.org\/index.php?rest_route=%2Fwp%2Fv2%2Fproduct_brand&post=367"},{"taxonomy":"product_cat","embeddable":true,"href":"https:\/\/mobilia5.4vlab.org\/index.php?rest_route=%2Fwp%2Fv2%2Fproduct_cat&post=367"},{"taxonomy":"product_tag","embeddable":true,"href":"https:\/\/mobilia5.4vlab.org\/index.php?rest_route=%2Fwp%2Fv2%2Fproduct_tag&post=367"}],"curies":[{"name":"wp","href":"https:\/\/api.w.org\/{rel}","templated":true}]}}